{"id":15,"date":"2014-12-11T13:23:39","date_gmt":"2014-12-11T11:23:39","guid":{"rendered":"http:\/\/www.schwedenhaus-bartnik.de\/?page_id=15"},"modified":"2023-02-07T20:07:21","modified_gmt":"2023-02-07T18:07:21","slug":"umgebung","status":"publish","type":"page","link":"https:\/\/www.schwedenhaus-bartnik.de\/?page_id=15","title":{"rendered":"Aktivit\u00e4ten"},"content":{"rendered":"<p>Machen Sie bitte immer auf das jeweilige Bild einen Doppelklick, um es zu vergr\u00f6\u00dfern.<\/p>\n<figure id=\"attachment_246\" aria-describedby=\"caption-attachment-246\" style=\"width: 300px\" class=\"wp-caption alignnone\"><a href=\"http:\/\/www.schwedenhaus-bartnik.de\/wp-content\/uploads\/2015\/01\/P1130035.jpg\"><img fetchpriority=\"high\" decoding=\"async\" class=\"size-medium wp-image-246\" src=\"http:\/\/www.schwedenhaus-bartnik.de\/wp-content\/uploads\/2015\/01\/P1130035-300x225.jpg\" alt=\"Hecht aus dem Venjansj\u00f6n\" width=\"300\" height=\"225\" srcset=\"https:\/\/www.schwedenhaus-bartnik.de\/wp-content\/uploads\/2015\/01\/P1130035-300x225.jpg 300w, https:\/\/www.schwedenhaus-bartnik.de\/wp-content\/uploads\/2015\/01\/P1130035-1024x768.jpg 1024w, https:\/\/www.schwedenhaus-bartnik.de\/wp-content\/uploads\/2015\/01\/P1130035.jpg 1080w\" sizes=\"(max-width: 300px) 100vw, 300px\" \/><\/a><figcaption id=\"caption-attachment-246\" class=\"wp-caption-text\">Hecht aus dem Venjansj\u00f6n<\/figcaption><\/figure>\n<figure id=\"attachment_206\" aria-describedby=\"caption-attachment-206\" style=\"width: 300px\" class=\"wp-caption alignnone\"><a href=\"http:\/\/www.schwedenhaus-bartnik.de\/wp-content\/uploads\/2015\/01\/P1120332.jpg\"><img decoding=\"async\" class=\"size-medium wp-image-206\" src=\"http:\/\/www.schwedenhaus-bartnik.de\/wp-content\/uploads\/2015\/01\/P1120332-300x225.jpg\" alt=\"Lachszuchtanstalt in \u00c4lvdalen\" width=\"300\" height=\"225\" srcset=\"https:\/\/www.schwedenhaus-bartnik.de\/wp-content\/uploads\/2015\/01\/P1120332-300x225.jpg 300w, https:\/\/www.schwedenhaus-bartnik.de\/wp-content\/uploads\/2015\/01\/P1120332-1024x768.jpg 1024w, https:\/\/www.schwedenhaus-bartnik.de\/wp-content\/uploads\/2015\/01\/P1120332.jpg 1080w\" sizes=\"(max-width: 300px) 100vw, 300px\" \/><\/a><figcaption id=\"caption-attachment-206\" class=\"wp-caption-text\">Lachszuchtanstalt in \u00c4lvdalen<\/figcaption><\/figure>\n<figure id=\"attachment_268\" aria-describedby=\"caption-attachment-268\" style=\"width: 225px\" class=\"wp-caption alignnone\"><a href=\"http:\/\/www.schwedenhaus-bartnik.de\/wp-content\/uploads\/2015\/01\/Schweden-September-2010-031-e1421756858874.jpg\"><img decoding=\"async\" class=\"size-medium wp-image-268\" src=\"http:\/\/www.schwedenhaus-bartnik.de\/wp-content\/uploads\/2015\/01\/Schweden-September-2010-031-e1421756858874-225x300.jpg\" alt=\"Ein sch\u00f6ner Barsch aus dem Kr\u00e4ggtj\u00e4rn\" width=\"225\" height=\"300\" srcset=\"https:\/\/www.schwedenhaus-bartnik.de\/wp-content\/uploads\/2015\/01\/Schweden-September-2010-031-e1421756858874-225x300.jpg 225w, https:\/\/www.schwedenhaus-bartnik.de\/wp-content\/uploads\/2015\/01\/Schweden-September-2010-031-e1421756858874.jpg 684w\" sizes=\"(max-width: 225px) 100vw, 225px\" \/><\/a><figcaption id=\"caption-attachment-268\" class=\"wp-caption-text\">Ein sch\u00f6ner Barsch aus dem Kr\u00e4ggtj\u00e4rn<\/figcaption><\/figure>\n<figure id=\"attachment_161\" aria-describedby=\"caption-attachment-161\" style=\"width: 300px\" class=\"wp-caption alignnone\"><a href=\"http:\/\/www.schwedenhaus-bartnik.de\/wp-content\/uploads\/2015\/01\/352.jpg\"><img loading=\"lazy\" decoding=\"async\" class=\"size-medium wp-image-161\" src=\"http:\/\/www.schwedenhaus-bartnik.de\/wp-content\/uploads\/2015\/01\/352-300x168.jpg\" alt=\"Unser Angel- und Badeboot auf dem Venjansee \" width=\"300\" height=\"168\" srcset=\"https:\/\/www.schwedenhaus-bartnik.de\/wp-content\/uploads\/2015\/01\/352-300x168.jpg 300w, https:\/\/www.schwedenhaus-bartnik.de\/wp-content\/uploads\/2015\/01\/352-1024x576.jpg 1024w, https:\/\/www.schwedenhaus-bartnik.de\/wp-content\/uploads\/2015\/01\/352.jpg 1080w\" sizes=\"(max-width: 300px) 100vw, 300px\" \/><\/a><figcaption id=\"caption-attachment-161\" class=\"wp-caption-text\">Unser Angel- und Badeboot auf dem Venjansee<\/figcaption><\/figure>\n<figure id=\"attachment_202\" aria-describedby=\"caption-attachment-202\" style=\"width: 300px\" class=\"wp-caption alignnone\"><a href=\"http:\/\/www.schwedenhaus-bartnik.de\/wp-content\/uploads\/2015\/01\/P1120122.jpg\"><img loading=\"lazy\" decoding=\"async\" class=\"size-medium wp-image-202\" src=\"http:\/\/www.schwedenhaus-bartnik.de\/wp-content\/uploads\/2015\/01\/P1120122-300x225.jpg\" alt=\"Fu\u00dfg\u00e4ngerzone in Mora\" width=\"300\" height=\"225\" srcset=\"https:\/\/www.schwedenhaus-bartnik.de\/wp-content\/uploads\/2015\/01\/P1120122-300x225.jpg 300w, https:\/\/www.schwedenhaus-bartnik.de\/wp-content\/uploads\/2015\/01\/P1120122-1024x768.jpg 1024w, https:\/\/www.schwedenhaus-bartnik.de\/wp-content\/uploads\/2015\/01\/P1120122.jpg 1080w\" sizes=\"(max-width: 300px) 100vw, 300px\" \/><\/a><figcaption id=\"caption-attachment-202\" class=\"wp-caption-text\">Fu\u00dfg\u00e4ngerzone in Mora<\/figcaption><\/figure>\n<p>Neben ausgedehnten Spazierwegen in die wundersch\u00f6ne Umgebung direkt am Haus beginnend, sind <strong>Wanderungen <\/strong>in der weiteren Umgebung sehr zu empfehlen. In S\u00e4len ( ca. 60 km ) kann der legend\u00e4re <strong>\u201eKungsleden&#8220; <\/strong>als H\u00f6henwanderweg bis ins 3- L\u00e4ndereck Schweden-Norwegen-Finnland erkundet werden, im Winter ist dieses Ge\u00adbiet ein bis nach Stockholm beliebtes <strong>Wintersportparadies <\/strong>mit gro\u00dfen Skiliften und Schnee bis Ende Mai, es ist das s\u00fcdlichste schwedische Skigebiet und zugleich auch das s\u00fcdlichste Gebirge in Sshweden.<\/p>\n<p><strong>Angeln <\/strong>im Venjansee und im Kr\u00e4ggtj\u00e4rn am Haus sind sehr be\u00adliebt und oft sehr erfolgreich. In der Flussm\u00fcndung des Kr\u00e4ggan in den Venjansee\/Venjansj\u00f6n (ca.250 m vom Ferienhaus) liegt unser Boot &#8222;crescent 444&#8220; mit Badeleiter, das Boot ist 4,44 m lang und kann zum Angeln, Baden oder einfach so herum fahren genutzt werden. Daneben liegt unser 2. Boot am Venjansee. Dieses kann mit einem Au\u00dfenborder gefahren werden, da hinten keine Badeleiter montiert ist. Im Kompost neben der Filetierstelle auf unserem Grund\u00adst\u00fcck wurden zahlreiche W\u00fcrmer zum Angeln ausgesetzt. In \u00c4lvdalen gibt es sehr gute M\u00f6glichkeiten zum Fliegenfischen, aber auch in der Umgebung von Venjan kann in den zahlreichen B\u00e4chen und Fl\u00fcssen mit der Fliege gefischt werden. Wer die Angelkarte f\u00fcr die umliegenden Seen kauft, hat gleichzeitig auch die Angelerlaubnis f\u00fcr die <strong>Forellenb\u00e4che <\/strong>(Bachangeln auf \u00d6ring (Bachforelle) Schonzeit vom 01.09.-14.05.)<strong>&nbsp;<\/strong> der Umgebung, bitte auf die Mindestma\u00dfe achten; denn die sind anders als bei uns in Deutschland.<\/p>\n<p>Auch die umliegenden Seen wie Dragsj\u00f6n, Gasj\u00f6n, Lysj\u00f6n, Hakatj\u00e4rn oder H\u00e4sj\u00f6n sind sehr erfolgversprechend, dort liegen unsere Angelboote (mit Ausnahme des Hakatj\u00e4rns, dorthin kann ein Kanu \u00fcber den Venjansee ins Schlepptau genommen werden; denn der Hakatj\u00e4rn ist nur mit einer Landzunge von ca. 50 m vom Venjansee getrennt).<\/p>\n<p>F\u00fcr <strong>Venjansee <\/strong>und die restlichen Seen ben\u00f6tigt man 2 verschiedene Angelkarten, sie sind jedoch nicht sehr teuer: so zwischen 25-35 \u20ac f\u00fcrs Jahr. Sie k\u00f6nnen im Kiosk, beim Venjaner Angelverein oder im Konsum gekauft werden. F\u00fcr die beiden Forel\u00adlenseen <strong>Majtj\u00e4rn <\/strong>und <strong>Halltj\u00e4rn <\/strong>ben\u00f6tigt man spezielle Angelscheine, auch im Konsum erh\u00e4ltlich. Das <strong>Baden <\/strong>im Venjansee macht viel Freude, besonders von unserem Badeboot oder auf der sehr beliebten Badeinsel im Venjansee \u201eSandd\u00f6n&#8220; mit ihrem breiten und sehr feinen Sandstrand mit der vorgelagerten Lagune. Auch direkt am Haus im Kr\u00e4ggtj\u00e4rn von dem Badesteg l\u00e4sst es sich gut schwimmen, aber bitte \u201ebelagern&#8220; sie den Steg nicht \u00fcber l\u00e4ngere Zeit; denn er ist Allgemeineigentum und wurde <em>auch <\/em>von den umliegenden Nach\u00adbarn gebaut. Ausflugsziele sind in \u00c4lvdalen die Vikingerh\u00e4user, in Mora die Stadt selbst und die verschiedenen Einkaufsm\u00f6glichkeiten und Kaffees, das Zornmuseum ( ist neben C. Larsson der ber\u00fchmteste Maler in Schweden ) direkt neben der Kirche ist ein &#8222;Muss&#8220; f\u00fcr Kulturinteressierte. Bei Orsa der B\u00e4renpark &#8222;Gr\u00f6nklit&#8220;, in Gesundaberget mit dem Sessellift auf den Gipfel und den unglaublichen Ausblick auf Da\u00adlarna genie\u00dfen, in Nusn\u00e4s am Siliansee kann bei der Produktion der Dalapferdchen zugeschaut werden. &nbsp;&nbsp;&nbsp;&nbsp;&nbsp;&nbsp;&nbsp;&nbsp;&nbsp;&nbsp;&nbsp;&nbsp;&nbsp;&nbsp;&nbsp;&nbsp;&nbsp;&nbsp;&nbsp;&nbsp;&nbsp;&nbsp;&nbsp;&nbsp;&nbsp;&nbsp;&nbsp;&nbsp;&nbsp;&nbsp;&nbsp;&nbsp;&nbsp;&nbsp;&nbsp;&nbsp;&nbsp;&nbsp;&nbsp;&nbsp;&nbsp;&nbsp;&nbsp;&nbsp;&nbsp;&nbsp;&nbsp;&nbsp;&nbsp;&nbsp;&nbsp;&nbsp;&nbsp;&nbsp;&nbsp;&nbsp;&nbsp;&nbsp;&nbsp;&nbsp;&nbsp;&nbsp;&nbsp;&nbsp;&nbsp;&nbsp;&nbsp;&nbsp;&nbsp;&nbsp;&nbsp;&nbsp;&nbsp;&nbsp;&nbsp;&nbsp;&nbsp;&nbsp;&nbsp;&nbsp;&nbsp;&nbsp;&nbsp;&nbsp;&nbsp;&nbsp;&nbsp;&nbsp;&nbsp;&nbsp;&nbsp;&nbsp;&nbsp;&nbsp;&nbsp;&nbsp;&nbsp;&nbsp;&nbsp;&nbsp;&nbsp;&nbsp;&nbsp;&nbsp;&nbsp;&nbsp;&nbsp;&nbsp;&nbsp;&nbsp;&nbsp;&nbsp;&nbsp;&nbsp;&nbsp;&nbsp;&nbsp;&nbsp;&nbsp;&nbsp;&nbsp;&nbsp;&nbsp;&nbsp;&nbsp;&nbsp;&nbsp;&nbsp;&nbsp;&nbsp;&nbsp;&nbsp;&nbsp;&nbsp;&nbsp;&nbsp;&nbsp;&nbsp;&nbsp;&nbsp;&nbsp;&nbsp;&nbsp;&nbsp;&nbsp;&nbsp;&nbsp;&nbsp;&nbsp;&nbsp;&nbsp;&nbsp;&nbsp;&nbsp;&nbsp;&nbsp;&nbsp;&nbsp;&nbsp;&nbsp;&nbsp;&nbsp;&nbsp;&nbsp; In Dalarna erleben Sie eine der letzten Wildnisse Europas.<\/p>\n<p>In Mora gibt es zahlreiche gute Restaurants und Pizzerien, in den Mittagsstunden ist das Buffet-Essen (ca. 9,00 \u20ac) preiswerter als am Abend. Man sollte sich die Kronen mit der BankCard \/ EC-Card am Bankomat holen; denn es gibt immer weniger Banken, die den Euro gegen Kronen tauschen und dann ist auch der Umtauschkurs f\u00fcr den Kunden recht ung\u00fcnstig. In Schweden werden 95 % der Eink\u00e4ufe mit der Kreditkarte z.B. Mastercard oder EC-Card get\u00e4tigt, ich mache das ebenso, besonders an den Tankstellen.<\/p>\n<figure id=\"attachment_265\" aria-describedby=\"caption-attachment-265\" style=\"width: 300px\" class=\"wp-caption alignnone\"><a href=\"http:\/\/www.schwedenhaus-bartnik.de\/wp-content\/uploads\/2015\/01\/Schweden-Herbst-2009-074.jpg\"><img loading=\"lazy\" decoding=\"async\" class=\"size-medium wp-image-265\" src=\"http:\/\/www.schwedenhaus-bartnik.de\/wp-content\/uploads\/2015\/01\/Schweden-Herbst-2009-074-300x225.jpg\" alt=\"Beerenernte am Fereienhaus\" width=\"300\" height=\"225\" srcset=\"https:\/\/www.schwedenhaus-bartnik.de\/wp-content\/uploads\/2015\/01\/Schweden-Herbst-2009-074-300x225.jpg 300w, https:\/\/www.schwedenhaus-bartnik.de\/wp-content\/uploads\/2015\/01\/Schweden-Herbst-2009-074.jpg 400w\" sizes=\"(max-width: 300px) 100vw, 300px\" \/><\/a><figcaption id=\"caption-attachment-265\" class=\"wp-caption-text\">Beerenernte am Ferienhaus<\/figcaption><\/figure>\n<figure id=\"attachment_90\" aria-describedby=\"caption-attachment-90\" style=\"width: 300px\" class=\"wp-caption alignnone\"><a href=\"http:\/\/www.schwedenhaus-bartnik.de\/wp-content\/uploads\/2014\/12\/P1110253.jpg\"><img loading=\"lazy\" decoding=\"async\" class=\"size-medium wp-image-90\" src=\"http:\/\/www.schwedenhaus-bartnik.de\/wp-content\/uploads\/2014\/12\/P1110253-300x225.jpg\" alt=\"Preiselbeeren in einer Stunde gesammelt\" width=\"300\" height=\"225\" srcset=\"https:\/\/www.schwedenhaus-bartnik.de\/wp-content\/uploads\/2014\/12\/P1110253-300x225.jpg 300w, https:\/\/www.schwedenhaus-bartnik.de\/wp-content\/uploads\/2014\/12\/P1110253-1024x768.jpg 1024w, https:\/\/www.schwedenhaus-bartnik.de\/wp-content\/uploads\/2014\/12\/P1110253.jpg 1080w\" sizes=\"(max-width: 300px) 100vw, 300px\" \/><\/a><figcaption id=\"caption-attachment-90\" class=\"wp-caption-text\">Preiselbeeren in einer Stunde gesammelt<\/figcaption><\/figure>\n<figure id=\"attachment_78\" aria-describedby=\"caption-attachment-78\" style=\"width: 300px\" class=\"wp-caption alignnone\"><a href=\"http:\/\/www.schwedenhaus-bartnik.de\/wp-content\/uploads\/2014\/12\/6.jpg\"><img loading=\"lazy\" decoding=\"async\" class=\"size-medium wp-image-78\" src=\"http:\/\/www.schwedenhaus-bartnik.de\/wp-content\/uploads\/2014\/12\/6-300x225.jpg\" alt=\"Steinpilze vor unserem Ferienhaus\" width=\"300\" height=\"225\" srcset=\"https:\/\/www.schwedenhaus-bartnik.de\/wp-content\/uploads\/2014\/12\/6-300x225.jpg 300w, https:\/\/www.schwedenhaus-bartnik.de\/wp-content\/uploads\/2014\/12\/6-1024x768.jpg 1024w, https:\/\/www.schwedenhaus-bartnik.de\/wp-content\/uploads\/2014\/12\/6.jpg 1080w\" sizes=\"(max-width: 300px) 100vw, 300px\" \/><\/a><figcaption id=\"caption-attachment-78\" class=\"wp-caption-text\">Steinpilze vor unserem Ferienhaus<\/figcaption><\/figure>\n<figure id=\"attachment_168\" aria-describedby=\"caption-attachment-168\" style=\"width: 300px\" class=\"wp-caption alignnone\"><a href=\"http:\/\/www.schwedenhaus-bartnik.de\/wp-content\/uploads\/2015\/01\/IMG_0453.jpg\"><img loading=\"lazy\" decoding=\"async\" class=\"size-medium wp-image-168\" src=\"http:\/\/www.schwedenhaus-bartnik.de\/wp-content\/uploads\/2015\/01\/IMG_0453-300x225.jpg\" alt=\"Tiere beobachten in den fr\u00fchen Morgenstunden ein besonderer Spa\u00df\" width=\"300\" height=\"225\" srcset=\"https:\/\/www.schwedenhaus-bartnik.de\/wp-content\/uploads\/2015\/01\/IMG_0453-300x225.jpg 300w, https:\/\/www.schwedenhaus-bartnik.de\/wp-content\/uploads\/2015\/01\/IMG_0453.jpg 1000w\" sizes=\"(max-width: 300px) 100vw, 300px\" \/><\/a><figcaption id=\"caption-attachment-168\" class=\"wp-caption-text\">Tiere beobachten in den fr\u00fchen Morgenstunden oder sp\u00e4t abends, ein besonderer Spa\u00df<\/figcaption><\/figure>\n<figure id=\"attachment_153\" aria-describedby=\"caption-attachment-153\" style=\"width: 300px\" class=\"wp-caption alignnone\"><a href=\"http:\/\/www.schwedenhaus-bartnik.de\/wp-content\/uploads\/2015\/01\/17.jpg\"><img loading=\"lazy\" decoding=\"async\" class=\"size-medium wp-image-153\" src=\"http:\/\/www.schwedenhaus-bartnik.de\/wp-content\/uploads\/2015\/01\/17-300x225.jpg\" alt=\"Ein Korb voller Steinpilze\" width=\"300\" height=\"225\" srcset=\"https:\/\/www.schwedenhaus-bartnik.de\/wp-content\/uploads\/2015\/01\/17-300x225.jpg 300w, https:\/\/www.schwedenhaus-bartnik.de\/wp-content\/uploads\/2015\/01\/17-1024x768.jpg 1024w, https:\/\/www.schwedenhaus-bartnik.de\/wp-content\/uploads\/2015\/01\/17.jpg 1080w\" sizes=\"(max-width: 300px) 100vw, 300px\" \/><\/a><figcaption id=\"caption-attachment-153\" class=\"wp-caption-text\">Ein Korb voller Steinpilze<\/figcaption><\/figure>\n<p>&nbsp;<\/p>\n<figure id=\"attachment_183\" aria-describedby=\"caption-attachment-183\" style=\"width: 300px\" class=\"wp-caption alignnone\"><a href=\"http:\/\/www.schwedenhaus-bartnik.de\/wp-content\/uploads\/2015\/01\/P1110131-Kopie.jpg\"><img loading=\"lazy\" decoding=\"async\" class=\"size-medium wp-image-183\" src=\"http:\/\/www.schwedenhaus-bartnik.de\/wp-content\/uploads\/2015\/01\/P1110131-Kopie-300x225.jpg\" alt=\"Eine Kanutour auf dem See oder den umliegenden Fl\u00fcssen\" width=\"300\" height=\"225\" srcset=\"https:\/\/www.schwedenhaus-bartnik.de\/wp-content\/uploads\/2015\/01\/P1110131-Kopie-300x225.jpg 300w, https:\/\/www.schwedenhaus-bartnik.de\/wp-content\/uploads\/2015\/01\/P1110131-Kopie-1024x768.jpg 1024w, https:\/\/www.schwedenhaus-bartnik.de\/wp-content\/uploads\/2015\/01\/P1110131-Kopie.jpg 1080w\" sizes=\"(max-width: 300px) 100vw, 300px\" \/><\/a><figcaption id=\"caption-attachment-183\" class=\"wp-caption-text\">Eine Kanutour auf dem See oder den umliegenden Fl\u00fcssen<\/figcaption><\/figure>\n<p>Die vielen <strong>Beerenarten<\/strong> wie: Molte-, Rausche-, Preisel-, Kr\u00e4hen-, Moos- oder Blaubeere sind in guten Jahren massenhaft vorhanden, auch auf unserem Grundst\u00fcck. Auch die <strong>Pilze<\/strong> sind oft in gro\u00dfen Mengen zu finden z.B. Steinpilze (in Schweden hei\u00dfen sie Karl-Johan) und Heiderotkappen (manche sagen Birkenpilze) in den schwedischen W\u00e4ldern. Sie k\u00f6nnen getrocknet oder frisch verzehrt werden. Es ist zu empfehlen, Gl\u00e4ser mit Schraubverschluss und Gelierzucker zum Einkochen von Marmelade mit zu nehmen. Ein Gasherd auf der Terrasse bietet alle M\u00f6glichkeiten.<\/p>\n<p>Die Aktivit\u00e4ten in unserer Destination erfolgen auf eigene Gefahr, auch sollten Sie immer Schwimmwesten bei Ausfl\u00fcgen auf dem Wasser anlegen.<\/p>\n<p>Bitte das Lagerfeuer immer sehr klein lassen; denn sie befinden sich im Wald zwischen B\u00e4umen!! Bei Waldbrandgefahr bitte kein Lagerfeuer!!<\/p>\n","protected":false},"excerpt":{"rendered":"<p>Machen Sie bitte immer auf das jeweilige Bild einen Doppelklick, um es zu vergr\u00f6\u00dfern. Neben ausgedehnten Spazierwegen in die wundersch\u00f6ne Umgebung direkt am Haus beginnend, sind Wanderungen in der weiteren Umgebung sehr zu empfehlen. In S\u00e4len ( ca. 60 km ) kann der legend\u00e4re \u201eKungsleden&#8220; als H\u00f6henwanderweg bis ins 3- L\u00e4ndereck Schweden-Norwegen-Finnland erkundet werden, im [&hellip;]<\/p>\n","protected":false},"author":1,"featured_media":0,"parent":0,"menu_order":0,"comment_status":"closed","ping_status":"open","template":"","meta":{"ngg_post_thumbnail":0,"ocean_post_layout":"","ocean_both_sidebars_style":"","ocean_both_sidebars_content_width":0,"ocean_both_sidebars_sidebars_width":0,"ocean_sidebar":"0","ocean_second_sidebar":"0","ocean_disable_margins":"enable","ocean_add_body_class":"","ocean_shortcode_before_top_bar":"","ocean_shortcode_after_top_bar":"","ocean_shortcode_before_header":"","ocean_shortcode_after_header":"","ocean_has_shortcode":"","ocean_shortcode_after_title":"","ocean_shortcode_before_footer_widgets":"","ocean_shortcode_after_footer_widgets":"","ocean_shortcode_before_footer_bottom":"","ocean_shortcode_after_footer_bottom":"","ocean_display_top_bar":"default","ocean_display_header":"default","ocean_header_style":"","ocean_center_header_left_menu":"0","ocean_custom_header_template":"0","ocean_custom_logo":0,"ocean_custom_retina_logo":0,"ocean_custom_logo_max_width":0,"ocean_custom_logo_tablet_max_width":0,"ocean_custom_logo_mobile_max_width":0,"ocean_custom_logo_max_height":0,"ocean_custom_logo_tablet_max_height":0,"ocean_custom_logo_mobile_max_height":0,"ocean_header_custom_menu":"0","ocean_menu_typo_font_family":"0","ocean_menu_typo_font_subset":"","ocean_menu_typo_font_size":0,"ocean_menu_typo_font_size_tablet":0,"ocean_menu_typo_font_size_mobile":0,"ocean_menu_typo_font_size_unit":"px","ocean_menu_typo_font_weight":"","ocean_menu_typo_font_weight_tablet":"","ocean_menu_typo_font_weight_mobile":"","ocean_menu_typo_transform":"","ocean_menu_typo_transform_tablet":"","ocean_menu_typo_transform_mobile":"","ocean_menu_typo_line_height":0,"ocean_menu_typo_line_height_tablet":0,"ocean_menu_typo_line_height_mobile":0,"ocean_menu_typo_line_height_unit":"","ocean_menu_typo_spacing":0,"ocean_menu_typo_spacing_tablet":0,"ocean_menu_typo_spacing_mobile":0,"ocean_menu_typo_spacing_unit":"","ocean_menu_link_color":"","ocean_menu_link_color_hover":"","ocean_menu_link_color_active":"","ocean_menu_link_background":"","ocean_menu_link_hover_background":"","ocean_menu_link_active_background":"","ocean_menu_social_links_bg":"","ocean_menu_social_hover_links_bg":"","ocean_menu_social_links_color":"","ocean_menu_social_hover_links_color":"","ocean_disable_title":"default","ocean_disable_heading":"default","ocean_post_title":"","ocean_post_subheading":"","ocean_post_title_style":"","ocean_post_title_background_color":"","ocean_post_title_background":0,"ocean_post_title_bg_image_position":"","ocean_post_title_bg_image_attachment":"","ocean_post_title_bg_image_repeat":"","ocean_post_title_bg_image_size":"","ocean_post_title_height":0,"ocean_post_title_bg_overlay":0.5,"ocean_post_title_bg_overlay_color":"","ocean_disable_breadcrumbs":"default","ocean_breadcrumbs_color":"","ocean_breadcrumbs_separator_color":"","ocean_breadcrumbs_links_color":"","ocean_breadcrumbs_links_hover_color":"","ocean_display_footer_widgets":"default","ocean_display_footer_bottom":"default","ocean_custom_footer_template":"0","footnotes":""},"class_list":["post-15","page","type-page","status-publish","hentry","entry"],"_links":{"self":[{"href":"https:\/\/www.schwedenhaus-bartnik.de\/index.php?rest_route=\/wp\/v2\/pages\/15","targetHints":{"allow":["GET"]}}],"collection":[{"href":"https:\/\/www.schwedenhaus-bartnik.de\/index.php?rest_route=\/wp\/v2\/pages"}],"about":[{"href":"https:\/\/www.schwedenhaus-bartnik.de\/index.php?rest_route=\/wp\/v2\/types\/page"}],"author":[{"embeddable":true,"href":"https:\/\/www.schwedenhaus-bartnik.de\/index.php?rest_route=\/wp\/v2\/users\/1"}],"replies":[{"embeddable":true,"href":"https:\/\/www.schwedenhaus-bartnik.de\/index.php?rest_route=%2Fwp%2Fv2%2Fcomments&post=15"}],"version-history":[{"count":45,"href":"https:\/\/www.schwedenhaus-bartnik.de\/index.php?rest_route=\/wp\/v2\/pages\/15\/revisions"}],"predecessor-version":[{"id":510,"href":"https:\/\/www.schwedenhaus-bartnik.de\/index.php?rest_route=\/wp\/v2\/pages\/15\/revisions\/510"}],"wp:attachment":[{"href":"https:\/\/www.schwedenhaus-bartnik.de\/index.php?rest_route=%2Fwp%2Fv2%2Fmedia&parent=15"}],"curies":[{"name":"wp","href":"https:\/\/api.w.org\/{rel}","templated":true}]}}