{"id":529,"date":"2023-02-07T19:07:18","date_gmt":"2023-02-07T17:07:18","guid":{"rendered":"https:\/\/www.schwedenhaus-bartnik.de\/?page_id=529"},"modified":"2023-02-07T19:08:54","modified_gmt":"2023-02-07T17:08:54","slug":"herzlich-willkommen-im-schwedenurlaub","status":"publish","type":"page","link":"https:\/\/www.schwedenhaus-bartnik.de\/","title":{"rendered":"Herzlich Willkommen im Schwedenurlaub"},"content":{"rendered":"\t\t<div data-elementor-type=\"wp-page\" data-elementor-id=\"529\" class=\"elementor elementor-529\">\n\t\t\t\t\t\t<section class=\"elementor-section elementor-top-section elementor-element elementor-element-6a0572d elementor-section-boxed elementor-section-height-default elementor-section-height-default\" data-id=\"6a0572d\" data-element_type=\"section\">\n\t\t\t\t\t\t<div class=\"elementor-container elementor-column-gap-default\">\n\t\t\t\t\t<div class=\"elementor-column elementor-col-100 elementor-top-column elementor-element elementor-element-46d9ad7\" data-id=\"46d9ad7\" data-element_type=\"column\">\n\t\t\t<div class=\"elementor-widget-wrap elementor-element-populated\">\n\t\t\t\t\t\t<div class=\"elementor-element elementor-element-27f60e7 elementor-widget elementor-widget-text-editor\" data-id=\"27f60e7\" data-element_type=\"widget\" data-widget_type=\"text-editor.default\">\n\t\t\t\t<div class=\"elementor-widget-container\">\n\t\t\t\t\t\t\t\t\t<p>Ich freue mich, dass ich Ihnen unser liebevoll und gem\u00fctlich eingerichtetes Ferienhaus in Mora- Venjan, Schweden vorstellen darf. Wenn Sie die perfekten Bedingungen f\u00fcr einen abenteuerlichen und erholsamen Schwedenurlaub suchen, sind Sie bei uns richtig!<\/p><p>Ich freue mich, dass ich Ihnen unser liebevoll und gem\u00fctlich eingerichtetes Ferienhaus in Mora- Venjan, Schweden vorstellen darf. Wenn Sie die perfekten Bedingungen f\u00fcr einen abenteuerlichen und erholsamen Schwedenurlaub suchen, sind Sie bei uns richtig!<\/p>\t\t\t\t\t\t\t\t<\/div>\n\t\t\t\t<\/div>\n\t\t\t\t\t<\/div>\n\t\t<\/div>\n\t\t\t\t\t<\/div>\n\t\t<\/section>\n\t\t\t\t<section class=\"elementor-section elementor-top-section elementor-element elementor-element-a9e4298 elementor-section-boxed elementor-section-height-default elementor-section-height-default\" data-id=\"a9e4298\" data-element_type=\"section\">\n\t\t\t\t\t\t<div class=\"elementor-container elementor-column-gap-default\">\n\t\t\t\t\t<div class=\"elementor-column elementor-col-100 elementor-top-column elementor-element elementor-element-6d4cf3f\" data-id=\"6d4cf3f\" data-element_type=\"column\">\n\t\t\t<div class=\"elementor-widget-wrap elementor-element-populated\">\n\t\t\t\t\t\t<div class=\"elementor-element elementor-element-36cfbb6 elementor-widget elementor-widget-spacer\" data-id=\"36cfbb6\" data-element_type=\"widget\" data-widget_type=\"spacer.default\">\n\t\t\t\t<div class=\"elementor-widget-container\">\n\t\t\t\t\t\t\t<div class=\"elementor-spacer\">\n\t\t\t<div class=\"elementor-spacer-inner\"><\/div>\n\t\t<\/div>\n\t\t\t\t\t\t<\/div>\n\t\t\t\t<\/div>\n\t\t\t\t\t<\/div>\n\t\t<\/div>\n\t\t\t\t\t<\/div>\n\t\t<\/section>\n\t\t\t\t<section class=\"elementor-section elementor-top-section elementor-element elementor-element-d4a0164 elementor-section-boxed elementor-section-height-default elementor-section-height-default\" data-id=\"d4a0164\" data-element_type=\"section\">\n\t\t\t\t\t\t<div class=\"elementor-container elementor-column-gap-default\">\n\t\t\t\t\t<div class=\"elementor-column elementor-col-33 elementor-top-column elementor-element elementor-element-e6048eb\" data-id=\"e6048eb\" data-element_type=\"column\">\n\t\t\t<div class=\"elementor-widget-wrap elementor-element-populated\">\n\t\t\t\t\t\t<div class=\"elementor-element elementor-element-7b29509 elementor-widget elementor-widget-image\" data-id=\"7b29509\" data-element_type=\"widget\" data-widget_type=\"image.default\">\n\t\t\t\t<div class=\"elementor-widget-container\">\n\t\t\t\t\t\t\t\t\t\t\t\t\t\t\t<img fetchpriority=\"high\" decoding=\"async\" width=\"752\" height=\"500\" src=\"https:\/\/www.schwedenhaus-bartnik.de\/wp-content\/uploads\/2014\/12\/IMGP6752.jpg\" class=\"attachment-large size-large wp-image-86\" alt=\"\" srcset=\"https:\/\/www.schwedenhaus-bartnik.de\/wp-content\/uploads\/2014\/12\/IMGP6752.jpg 752w, https:\/\/www.schwedenhaus-bartnik.de\/wp-content\/uploads\/2014\/12\/IMGP6752-300x199.jpg 300w\" sizes=\"(max-width: 752px) 100vw, 752px\" \/>\t\t\t\t\t\t\t\t\t\t\t\t\t\t\t<\/div>\n\t\t\t\t<\/div>\n\t\t\t\t\t<\/div>\n\t\t<\/div>\n\t\t\t\t<div class=\"elementor-column elementor-col-33 elementor-top-column elementor-element elementor-element-3a06eec\" data-id=\"3a06eec\" data-element_type=\"column\">\n\t\t\t<div class=\"elementor-widget-wrap elementor-element-populated\">\n\t\t\t\t\t\t<div class=\"elementor-element elementor-element-9d4ef52 elementor-widget elementor-widget-image\" data-id=\"9d4ef52\" data-element_type=\"widget\" data-widget_type=\"image.default\">\n\t\t\t\t<div class=\"elementor-widget-container\">\n\t\t\t\t\t\t\t\t\t\t\t\t\t\t\t<img decoding=\"async\" width=\"568\" height=\"426\" src=\"https:\/\/www.schwedenhaus-bartnik.de\/wp-content\/uploads\/2015\/01\/Venjan-Mai-2011-332.jpg\" class=\"attachment-large size-large wp-image-278\" alt=\"\" srcset=\"https:\/\/www.schwedenhaus-bartnik.de\/wp-content\/uploads\/2015\/01\/Venjan-Mai-2011-332.jpg 568w, https:\/\/www.schwedenhaus-bartnik.de\/wp-content\/uploads\/2015\/01\/Venjan-Mai-2011-332-300x224.jpg 300w\" sizes=\"(max-width: 568px) 100vw, 568px\" \/>\t\t\t\t\t\t\t\t\t\t\t\t\t\t\t<\/div>\n\t\t\t\t<\/div>\n\t\t\t\t\t<\/div>\n\t\t<\/div>\n\t\t\t\t<div class=\"elementor-column elementor-col-33 elementor-top-column elementor-element elementor-element-2dbb3f4\" data-id=\"2dbb3f4\" data-element_type=\"column\">\n\t\t\t<div class=\"elementor-widget-wrap elementor-element-populated\">\n\t\t\t\t\t\t<div class=\"elementor-element elementor-element-cc84583 elementor-widget elementor-widget-image\" data-id=\"cc84583\" data-element_type=\"widget\" data-widget_type=\"image.default\">\n\t\t\t\t<div class=\"elementor-widget-container\">\n\t\t\t\t\t\t\t\t\t\t\t\t\t\t\t<img decoding=\"async\" width=\"1024\" height=\"576\" src=\"https:\/\/www.schwedenhaus-bartnik.de\/wp-content\/uploads\/2014\/12\/20161029_141501-1024x576.jpg\" class=\"attachment-large size-large wp-image-502\" alt=\"\" srcset=\"https:\/\/www.schwedenhaus-bartnik.de\/wp-content\/uploads\/2014\/12\/20161029_141501-1024x576.jpg 1024w, https:\/\/www.schwedenhaus-bartnik.de\/wp-content\/uploads\/2014\/12\/20161029_141501-300x169.jpg 300w, https:\/\/www.schwedenhaus-bartnik.de\/wp-content\/uploads\/2014\/12\/20161029_141501-768x432.jpg 768w\" sizes=\"(max-width: 1024px) 100vw, 1024px\" \/>\t\t\t\t\t\t\t\t\t\t\t\t\t\t\t<\/div>\n\t\t\t\t<\/div>\n\t\t\t\t\t<\/div>\n\t\t<\/div>\n\t\t\t\t\t<\/div>\n\t\t<\/section>\n\t\t\t\t<section class=\"elementor-section elementor-top-section elementor-element elementor-element-de60860 elementor-section-boxed elementor-section-height-default elementor-section-height-default\" data-id=\"de60860\" data-element_type=\"section\">\n\t\t\t\t\t\t<div class=\"elementor-container elementor-column-gap-default\">\n\t\t\t\t\t<div class=\"elementor-column elementor-col-100 elementor-top-column elementor-element elementor-element-6f157f4\" data-id=\"6f157f4\" data-element_type=\"column\">\n\t\t\t<div class=\"elementor-widget-wrap elementor-element-populated\">\n\t\t\t\t\t\t<div class=\"elementor-element elementor-element-a207804 elementor-widget elementor-widget-spacer\" data-id=\"a207804\" data-element_type=\"widget\" data-widget_type=\"spacer.default\">\n\t\t\t\t<div class=\"elementor-widget-container\">\n\t\t\t\t\t\t\t<div class=\"elementor-spacer\">\n\t\t\t<div class=\"elementor-spacer-inner\"><\/div>\n\t\t<\/div>\n\t\t\t\t\t\t<\/div>\n\t\t\t\t<\/div>\n\t\t\t\t\t<\/div>\n\t\t<\/div>\n\t\t\t\t\t<\/div>\n\t\t<\/section>\n\t\t\t\t<section class=\"elementor-section elementor-top-section elementor-element elementor-element-4cc71bb elementor-section-boxed elementor-section-height-default elementor-section-height-default\" data-id=\"4cc71bb\" data-element_type=\"section\">\n\t\t\t\t\t\t<div class=\"elementor-container elementor-column-gap-default\">\n\t\t\t\t\t<div class=\"elementor-column elementor-col-50 elementor-top-column elementor-element elementor-element-a7e761a\" data-id=\"a7e761a\" data-element_type=\"column\">\n\t\t\t<div class=\"elementor-widget-wrap elementor-element-populated\">\n\t\t\t\t\t\t<div class=\"elementor-element elementor-element-513d646 elementor-view-default elementor-widget elementor-widget-icon\" data-id=\"513d646\" data-element_type=\"widget\" data-widget_type=\"icon.default\">\n\t\t\t\t<div class=\"elementor-widget-container\">\n\t\t\t\t\t\t\t<div class=\"elementor-icon-wrapper\">\n\t\t\t<div class=\"elementor-icon\">\n\t\t\t<i aria-hidden=\"true\" class=\"fas fa-star\"><\/i>\t\t\t<\/div>\n\t\t<\/div>\n\t\t\t\t\t\t<\/div>\n\t\t\t\t<\/div>\n\t\t\t\t<div class=\"elementor-element elementor-element-9549488 elementor-widget elementor-widget-text-editor\" data-id=\"9549488\" data-element_type=\"widget\" data-widget_type=\"text-editor.default\">\n\t\t\t\t<div class=\"elementor-widget-container\">\n\t\t\t\t\t\t\t\t\t<p>Unser Ferienhaus wurde individuell eingerichtet. Alle Unterk\u00fcnfte verf\u00fcgen \u00fcber eine komfortable Ausstattung. Sauberkeit ist bei uns selbstverst\u00e4ndlich.<\/p>\t\t\t\t\t\t\t\t<\/div>\n\t\t\t\t<\/div>\n\t\t\t\t\t<\/div>\n\t\t<\/div>\n\t\t\t\t<div class=\"elementor-column elementor-col-50 elementor-top-column elementor-element elementor-element-c8aa923\" data-id=\"c8aa923\" data-element_type=\"column\">\n\t\t\t<div class=\"elementor-widget-wrap elementor-element-populated\">\n\t\t\t\t\t\t<div class=\"elementor-element elementor-element-8e6c897 elementor-view-default elementor-widget elementor-widget-icon\" data-id=\"8e6c897\" data-element_type=\"widget\" data-widget_type=\"icon.default\">\n\t\t\t\t<div class=\"elementor-widget-container\">\n\t\t\t\t\t\t\t<div class=\"elementor-icon-wrapper\">\n\t\t\t<div class=\"elementor-icon\">\n\t\t\t<i aria-hidden=\"true\" class=\"fas fa-star\"><\/i>\t\t\t<\/div>\n\t\t<\/div>\n\t\t\t\t\t\t<\/div>\n\t\t\t\t<\/div>\n\t\t\t\t<div class=\"elementor-element elementor-element-9888f45 elementor-widget elementor-widget-text-editor\" data-id=\"9888f45\" data-element_type=\"widget\" data-widget_type=\"text-editor.default\">\n\t\t\t\t<div class=\"elementor-widget-container\">\n\t\t\t\t\t\t\t\t\t<p>Nehmen Sie sich Zeit und st\u00f6bern Sie durch unsere Angebot. Ich freue mich auf Sie!<\/p>\t\t\t\t\t\t\t\t<\/div>\n\t\t\t\t<\/div>\n\t\t\t\t\t<\/div>\n\t\t<\/div>\n\t\t\t\t\t<\/div>\n\t\t<\/section>\n\t\t\t\t<\/div>\n\t\t","protected":false},"excerpt":{"rendered":"<p>Ich freue mich, dass ich Ihnen unser liebevoll und gem\u00fctlich eingerichtetes Ferienhaus in Mora- Venjan, Schweden vorstellen darf. Wenn Sie die perfekten Bedingungen f\u00fcr einen abenteuerlichen und erholsamen Schwedenurlaub suchen, sind Sie bei uns richtig! Ich freue mich, dass ich Ihnen unser liebevoll und gem\u00fctlich eingerichtetes Ferienhaus in Mora- Venjan, Schweden vorstellen darf. Wenn Sie [&hellip;]<\/p>\n","protected":false},"author":1,"featured_media":0,"parent":0,"menu_order":0,"comment_status":"closed","ping_status":"closed","template":"","meta":{"ngg_post_thumbnail":0,"ocean_post_layout":"","ocean_both_sidebars_style":"","ocean_both_sidebars_content_width":0,"ocean_both_sidebars_sidebars_width":0,"ocean_sidebar":"0","ocean_second_sidebar":"0","ocean_disable_margins":"enable","ocean_add_body_class":"","ocean_shortcode_before_top_bar":"","ocean_shortcode_after_top_bar":"","ocean_shortcode_before_header":"","ocean_shortcode_after_header":"","ocean_has_shortcode":"","ocean_shortcode_after_title":"","ocean_shortcode_before_footer_widgets":"","ocean_shortcode_after_footer_widgets":"","ocean_shortcode_before_footer_bottom":"","ocean_shortcode_after_footer_bottom":"","ocean_display_top_bar":"default","ocean_display_header":"default","ocean_header_style":"","ocean_center_header_left_menu":"0","ocean_custom_header_template":"0","ocean_custom_logo":0,"ocean_custom_retina_logo":0,"ocean_custom_logo_max_width":0,"ocean_custom_logo_tablet_max_width":0,"ocean_custom_logo_mobile_max_width":0,"ocean_custom_logo_max_height":0,"ocean_custom_logo_tablet_max_height":0,"ocean_custom_logo_mobile_max_height":0,"ocean_header_custom_menu":"0","ocean_menu_typo_font_family":"0","ocean_menu_typo_font_subset":"","ocean_menu_typo_font_size":0,"ocean_menu_typo_font_size_tablet":0,"ocean_menu_typo_font_size_mobile":0,"ocean_menu_typo_font_size_unit":"px","ocean_menu_typo_font_weight":"","ocean_menu_typo_font_weight_tablet":"","ocean_menu_typo_font_weight_mobile":"","ocean_menu_typo_transform":"","ocean_menu_typo_transform_tablet":"","ocean_menu_typo_transform_mobile":"","ocean_menu_typo_line_height":0,"ocean_menu_typo_line_height_tablet":0,"ocean_menu_typo_line_height_mobile":0,"ocean_menu_typo_line_height_unit":"","ocean_menu_typo_spacing":0,"ocean_menu_typo_spacing_tablet":0,"ocean_menu_typo_spacing_mobile":0,"ocean_menu_typo_spacing_unit":"","ocean_menu_link_color":"","ocean_menu_link_color_hover":"","ocean_menu_link_color_active":"","ocean_menu_link_background":"","ocean_menu_link_hover_background":"","ocean_menu_link_active_background":"","ocean_menu_social_links_bg":"","ocean_menu_social_hover_links_bg":"","ocean_menu_social_links_color":"","ocean_menu_social_hover_links_color":"","ocean_disable_title":"default","ocean_disable_heading":"default","ocean_post_title":"","ocean_post_subheading":"","ocean_post_title_style":"","ocean_post_title_background_color":"","ocean_post_title_background":0,"ocean_post_title_bg_image_position":"","ocean_post_title_bg_image_attachment":"","ocean_post_title_bg_image_repeat":"","ocean_post_title_bg_image_size":"","ocean_post_title_height":0,"ocean_post_title_bg_overlay":0.5,"ocean_post_title_bg_overlay_color":"","ocean_disable_breadcrumbs":"default","ocean_breadcrumbs_color":"","ocean_breadcrumbs_separator_color":"","ocean_breadcrumbs_links_color":"","ocean_breadcrumbs_links_hover_color":"","ocean_display_footer_widgets":"default","ocean_display_footer_bottom":"default","ocean_custom_footer_template":"0","footnotes":""},"class_list":["post-529","page","type-page","status-publish","hentry","entry"],"_links":{"self":[{"href":"https:\/\/www.schwedenhaus-bartnik.de\/index.php?rest_route=\/wp\/v2\/pages\/529","targetHints":{"allow":["GET"]}}],"collection":[{"href":"https:\/\/www.schwedenhaus-bartnik.de\/index.php?rest_route=\/wp\/v2\/pages"}],"about":[{"href":"https:\/\/www.schwedenhaus-bartnik.de\/index.php?rest_route=\/wp\/v2\/types\/page"}],"author":[{"embeddable":true,"href":"https:\/\/www.schwedenhaus-bartnik.de\/index.php?rest_route=\/wp\/v2\/users\/1"}],"replies":[{"embeddable":true,"href":"https:\/\/www.schwedenhaus-bartnik.de\/index.php?rest_route=%2Fwp%2Fv2%2Fcomments&post=529"}],"version-history":[{"count":5,"href":"https:\/\/www.schwedenhaus-bartnik.de\/index.php?rest_route=\/wp\/v2\/pages\/529\/revisions"}],"predecessor-version":[{"id":534,"href":"https:\/\/www.schwedenhaus-bartnik.de\/index.php?rest_route=\/wp\/v2\/pages\/529\/revisions\/534"}],"wp:attachment":[{"href":"https:\/\/www.schwedenhaus-bartnik.de\/index.php?rest_route=%2Fwp%2Fv2%2Fmedia&parent=529"}],"curies":[{"name":"wp","href":"https:\/\/api.w.org\/{rel}","templated":true}]}}